{"id":130,"date":"2024-10-25T20:44:46","date_gmt":"2024-10-25T20:44:46","guid":{"rendered":"https:\/\/poderinaction.org\/resources\/"},"modified":"2025-01-16T21:39:43","modified_gmt":"2025-01-16T21:39:43","slug":"resources","status":"publish","type":"page","link":"https:\/\/poderinaction.org\/es\/resources\/","title":{"rendered":"Recursos"},"content":{"rendered":"\n<div class=\"wp-block-columns alignwide is-layout-flex wp-container-core-columns-is-layout-995ea825 wp-block-columns-is-layout-flex\" style=\"margin-bottom:var(--wp--preset--spacing--70)\">\n<div class=\"wp-block-column has-light-yellow-background-color has-background is-layout-flow wp-block-column-is-layout-flow\" style=\"padding-top:var(--wp--preset--spacing--50);padding-right:var(--wp--preset--spacing--50);padding-bottom:var(--wp--preset--spacing--50);padding-left:var(--wp--preset--spacing--50)\">\n<figure class=\"wp-block-image size-full has-custom-border\"><img loading=\"lazy\" decoding=\"async\" width=\"1632\" height=\"900\" src=\"https:\/\/poderinaction.org\/wp-content\/uploads\/2024\/12\/Screenshot-2024-12-19-at-11.28.14\u202fAM.png\" alt=\"\" class=\"wp-image-388\" style=\"border-radius:10px;aspect-ratio:3\/2;object-fit:contain\" srcset=\"https:\/\/poderinaction.org\/wp-content\/uploads\/2024\/12\/Screenshot-2024-12-19-at-11.28.14\u202fAM.png 1632w, https:\/\/poderinaction.org\/wp-content\/uploads\/2024\/12\/Screenshot-2024-12-19-at-11.28.14\u202fAM-300x165.png 300w, https:\/\/poderinaction.org\/wp-content\/uploads\/2024\/12\/Screenshot-2024-12-19-at-11.28.14\u202fAM-1024x565.png 1024w, https:\/\/poderinaction.org\/wp-content\/uploads\/2024\/12\/Screenshot-2024-12-19-at-11.28.14\u202fAM-768x424.png 768w, https:\/\/poderinaction.org\/wp-content\/uploads\/2024\/12\/Screenshot-2024-12-19-at-11.28.14\u202fAM-1536x847.png 1536w\" sizes=\"auto, (max-width: 1632px) 100vw, 1632px\" \/><\/figure>\n\n\n\n<h2 class=\"wp-block-heading\" id=\"wbhb\">We\u2019ve Been Here Before<\/h2>\n\n\n\n<p>Un informe de 2019 de Poder In Action sobre la historia de la reforma fallida en el Departamento de Polic\u00eda de Phoenix y un llamado a reinventar la seguridad p\u00fablica.<\/p>\n\n\n\n<div class=\"wp-block-buttons is-content-justification-center is-layout-flex wp-container-core-buttons-is-layout-a89b3969 wp-block-buttons-is-layout-flex\">\n<div class=\"wp-block-button\"><a class=\"wp-block-button__link wp-element-button\" href=\"https:\/\/poderinaction.org\/wp-content\/uploads\/2024\/12\/FINAL_we_ve-been-here-before-report.pdf\">Descargar We\u2019ve Been Here Before PDF<\/a><\/div>\n<\/div>\n<\/div>\n\n\n\n<div class=\"wp-block-column has-light-yellow-background-color has-background is-layout-flow wp-block-column-is-layout-flow\" style=\"padding-top:var(--wp--preset--spacing--50);padding-right:var(--wp--preset--spacing--50);padding-bottom:var(--wp--preset--spacing--50);padding-left:var(--wp--preset--spacing--50)\">\n<figure class=\"wp-block-image size-large has-custom-border\"><a href=\"https:\/\/poderinaction.org\/phoenix-futuro\/\"><img loading=\"lazy\" decoding=\"async\" width=\"1024\" height=\"401\" src=\"https:\/\/poderinaction.org\/wp-content\/uploads\/2024\/12\/communityreportgraphs-28-1024x401.png\" alt=\"\" class=\"wp-image-193\" style=\"border-radius:10px;aspect-ratio:4\/3;object-fit:cover\" srcset=\"https:\/\/poderinaction.org\/wp-content\/uploads\/2024\/12\/communityreportgraphs-28-1024x401.png 1024w, https:\/\/poderinaction.org\/wp-content\/uploads\/2024\/12\/communityreportgraphs-28-300x118.png 300w, https:\/\/poderinaction.org\/wp-content\/uploads\/2024\/12\/communityreportgraphs-28-768x301.png 768w, https:\/\/poderinaction.org\/wp-content\/uploads\/2024\/12\/communityreportgraphs-28-1536x602.png 1536w, https:\/\/poderinaction.org\/wp-content\/uploads\/2024\/12\/communityreportgraphs-28-2048x803.png 2048w\" sizes=\"auto, (max-width: 1024px) 100vw, 1024px\" \/><\/a><\/figure>\n\n\n\n<h2 class=\"wp-block-heading\">Phoenix Futuro<\/h2>\n\n\n\n<p>Hemos preguntado a m\u00e1s de 10.000 residentes de Phoenix sobre sus experiencias con la polic\u00eda. Esto es lo que hemos aprendido.<\/p>\n\n\n\n<div class=\"wp-block-buttons is-content-justification-center is-layout-flex wp-container-core-buttons-is-layout-a89b3969 wp-block-buttons-is-layout-flex\">\n<div class=\"wp-block-button\"><a class=\"wp-block-button__link has-text-align-center wp-element-button\" href=\"https:\/\/poderinaction.org\/es\/informe-de-encuesta-comunitaria\/\">Phoenix Futuro<\/a><\/div>\n<\/div>\n<\/div>\n<\/div>\n\n\n\n<div class=\"wp-block-columns alignwide is-layout-flex wp-container-core-columns-is-layout-995ea825 wp-block-columns-is-layout-flex\" style=\"margin-bottom:var(--wp--preset--spacing--70)\">\n<div class=\"wp-block-column has-light-yellow-background-color has-background is-layout-flow wp-block-column-is-layout-flow\" style=\"padding-top:var(--wp--preset--spacing--50);padding-right:var(--wp--preset--spacing--50);padding-bottom:var(--wp--preset--spacing--50);padding-left:var(--wp--preset--spacing--50)\">\n<figure class=\"wp-block-image size-large has-custom-border\"><a href=\"https:\/\/poderinaction.org\/our-campaigns\/pueblos-budget-campaign\/\"><img loading=\"lazy\" decoding=\"async\" width=\"1024\" height=\"683\" src=\"https:\/\/poderinaction.org\/wp-content\/uploads\/2024\/10\/Pueblo_s-Budget-Page-2-1024x683.jpg\" alt=\"A woman speaking into a microphone, standing next to a TV screen that says &quot;The Pueblo's Budget&quot;\" class=\"wp-image-108\" style=\"border-radius:10px;aspect-ratio:4\/3;object-fit:cover\" srcset=\"https:\/\/poderinaction.org\/wp-content\/uploads\/2024\/10\/Pueblo_s-Budget-Page-2-1024x683.jpg 1024w, https:\/\/poderinaction.org\/wp-content\/uploads\/2024\/10\/Pueblo_s-Budget-Page-2-300x200.jpg 300w, https:\/\/poderinaction.org\/wp-content\/uploads\/2024\/10\/Pueblo_s-Budget-Page-2-768x512.jpg 768w, https:\/\/poderinaction.org\/wp-content\/uploads\/2024\/10\/Pueblo_s-Budget-Page-2-1536x1024.jpg 1536w, https:\/\/poderinaction.org\/wp-content\/uploads\/2024\/10\/Pueblo_s-Budget-Page-2-2048x1365.jpg 2048w, https:\/\/poderinaction.org\/wp-content\/uploads\/2024\/10\/Pueblo_s-Budget-Page-2-600x400.jpg 600w\" sizes=\"auto, (max-width: 1024px) 100vw, 1024px\" \/><\/a><\/figure>\n\n\n\n<h2 class=\"wp-block-heading\">Campa\u00f1a de Presupuesto de Pueblo<\/h2>\n\n\n\n<p>Un informe de 2023 sobre la creaci\u00f3n del Presupuesto del Pueblo en Poder In Action: una propuesta alternativa a la forma en que se financia actualmente la seguridad p\u00fablica en la Ciudad de Phoenix.<\/p>\n\n\n\n<div class=\"wp-block-buttons is-content-justification-center is-layout-flex wp-container-core-buttons-is-layout-a89b3969 wp-block-buttons-is-layout-flex\">\n<div class=\"wp-block-button\"><a class=\"wp-block-button__link has-text-align-center wp-element-button\" href=\"https:\/\/poderinaction.org\/es\/our-campaigns\/pueblos-budget-campaign\/\">Campa\u00f1a de Presupuesto de Pueblo<\/a><\/div>\n<\/div>\n<\/div>\n\n\n\n<div class=\"wp-block-column has-light-yellow-background-color has-background is-layout-flow wp-block-column-is-layout-flow\" style=\"padding-top:var(--wp--preset--spacing--50);padding-right:var(--wp--preset--spacing--50);padding-bottom:var(--wp--preset--spacing--50);padding-left:var(--wp--preset--spacing--50)\">\n<figure class=\"wp-block-image size-large has-custom-border\"><a href=\"https:\/\/poderinaction.org\/police-violence\/\"><img loading=\"lazy\" decoding=\"async\" width=\"1024\" height=\"536\" src=\"https:\/\/poderinaction.org\/wp-content\/uploads\/2024\/12\/Screenshot-Shootings-By-Police-Departments-in-Maricopa-County-1024x536.png\" alt=\"\" class=\"wp-image-200\" style=\"border-radius:10px;aspect-ratio:4\/3;object-fit:cover\" srcset=\"https:\/\/poderinaction.org\/wp-content\/uploads\/2024\/12\/Screenshot-Shootings-By-Police-Departments-in-Maricopa-County-1024x536.png 1024w, https:\/\/poderinaction.org\/wp-content\/uploads\/2024\/12\/Screenshot-Shootings-By-Police-Departments-in-Maricopa-County-300x157.png 300w, https:\/\/poderinaction.org\/wp-content\/uploads\/2024\/12\/Screenshot-Shootings-By-Police-Departments-in-Maricopa-County-768x402.png 768w, https:\/\/poderinaction.org\/wp-content\/uploads\/2024\/12\/Screenshot-Shootings-By-Police-Departments-in-Maricopa-County-1536x804.png 1536w, https:\/\/poderinaction.org\/wp-content\/uploads\/2024\/12\/Screenshot-Shootings-By-Police-Departments-in-Maricopa-County-2048x1072.png 2048w\" sizes=\"auto, (max-width: 1024px) 100vw, 1024px\" \/><\/a><\/figure>\n\n\n\n<h2 class=\"wp-block-heading\">Violencia Policial<\/h2>\n\n\n\n<p>Durante d\u00e9cadas, los residentes de Phoenix han luchado para sacar a la luz los niveles de violencia policial que sufren las personas a manos de la polic\u00eda de Phoenix. Utiliza estos mapas y cuadros de mando para explorar la magnitud de la violencia y c\u00f3mo las personas negras, ind\u00edgenas, latinas, pobres y de clase trabajadora tienen m\u00e1s probabilidades de sufrirla.&nbsp;<\/p>\n\n\n\n<div class=\"wp-block-buttons is-content-justification-center is-layout-flex wp-container-core-buttons-is-layout-a89b3969 wp-block-buttons-is-layout-flex\">\n<div class=\"wp-block-button\"><a class=\"wp-block-button__link has-text-align-center wp-element-button\" href=\"https:\/\/poderinaction.org\/es\/violencia-policial\/\">Violencia Policial<\/a><\/div>\n<\/div>\n<\/div>\n<\/div>\n","protected":false},"excerpt":{"rendered":"<p>We\u2019ve Been Here Before Un informe de 2019 de Poder In Action sobre la historia de la reforma fallida en el Departamento de Polic\u00eda de Phoenix y un llamado a reinventar la seguridad p\u00fablica. Phoenix Futuro Hemos preguntado a m\u00e1s de 10.000 residentes de Phoenix sobre sus experiencias con la polic\u00eda. Esto es lo que [&hellip;]<\/p>\n","protected":false},"author":2,"featured_media":0,"parent":0,"menu_order":0,"comment_status":"closed","ping_status":"closed","template":"","meta":{"_acf_changed":false,"footnotes":""},"class_list":["post-130","page","type-page","status-publish","hentry"],"acf":[],"_links":{"self":[{"href":"https:\/\/poderinaction.org\/es\/wp-json\/wp\/v2\/pages\/130","targetHints":{"allow":["GET"]}}],"collection":[{"href":"https:\/\/poderinaction.org\/es\/wp-json\/wp\/v2\/pages"}],"about":[{"href":"https:\/\/poderinaction.org\/es\/wp-json\/wp\/v2\/types\/page"}],"author":[{"embeddable":true,"href":"https:\/\/poderinaction.org\/es\/wp-json\/wp\/v2\/users\/2"}],"replies":[{"embeddable":true,"href":"https:\/\/poderinaction.org\/es\/wp-json\/wp\/v2\/comments?post=130"}],"version-history":[{"count":0,"href":"https:\/\/poderinaction.org\/es\/wp-json\/wp\/v2\/pages\/130\/revisions"}],"wp:attachment":[{"href":"https:\/\/poderinaction.org\/es\/wp-json\/wp\/v2\/media?parent=130"}],"curies":[{"name":"wp","href":"https:\/\/api.w.org\/{rel}","templated":true}]}}