{"id":213,"date":"2024-10-30T18:57:21","date_gmt":"2024-10-30T18:57:21","guid":{"rendered":"https:\/\/poderinaction.org\/police-violence\/"},"modified":"2025-01-16T20:53:36","modified_gmt":"2025-01-16T20:53:36","slug":"violencia-policial","status":"publish","type":"page","link":"https:\/\/poderinaction.org\/es\/violencia-policial\/","title":{"rendered":"Violencia Policial"},"content":{"rendered":"\n<p>Durante d\u00e9cadas, los miembros de la comunidad de Phoenix han estado luchando para exponer el nivel de violencia policial que experimentan los miembros de la comunidad a manos de la polic\u00eda de Phoenix. En 2024, el Departamento de Justicia concluy\u00f3 una investigaci\u00f3n de casi tres a\u00f1os sobre violaciones de derechos civiles por parte del Departamento de Polic\u00eda de Phoenix. Las conclusiones del informe del Departamento de Justicia validaron esa realidad, no lograron mostrar la conexi\u00f3n entre el uso de la fuerza por parte del departamento, el aspecto de una persona y el lugar donde vive. Estos mapas y paneles brindan a los miembros de la comunidad la oportunidad de explorar la magnitud de la violencia y c\u00f3mo las personas negras, ind\u00edgenas, latinas, pobres y de clase trabajadora tienen m\u00e1s probabilidades de experimentarla.<\/p>\n\n\n\n<h2 class=\"wp-block-heading\"><a href=\"https:\/\/public.tableau.com\/app\/profile\/michael2409\/viz\/Useofforcedashboard\/PhoenixuseofForce\">Panel de control del uso de la fuerza de la polic\u00eda de Phoenix<\/a><\/h2>\n\n\n\n<figure class=\"wp-block-image size-large\"><img loading=\"lazy\" decoding=\"async\" width=\"1024\" height=\"479\" src=\"https:\/\/poderinaction.org\/wp-content\/uploads\/2025\/01\/Screenshot-2025-01-07-at-4.11.06\u202fPM-1024x479.png\" alt=\"\" class=\"wp-image-412\" srcset=\"https:\/\/poderinaction.org\/wp-content\/uploads\/2025\/01\/Screenshot-2025-01-07-at-4.11.06\u202fPM-1024x479.png 1024w, https:\/\/poderinaction.org\/wp-content\/uploads\/2025\/01\/Screenshot-2025-01-07-at-4.11.06\u202fPM-300x140.png 300w, https:\/\/poderinaction.org\/wp-content\/uploads\/2025\/01\/Screenshot-2025-01-07-at-4.11.06\u202fPM-768x359.png 768w, https:\/\/poderinaction.org\/wp-content\/uploads\/2025\/01\/Screenshot-2025-01-07-at-4.11.06\u202fPM-1536x718.png 1536w, https:\/\/poderinaction.org\/wp-content\/uploads\/2025\/01\/Screenshot-2025-01-07-at-4.11.06\u202fPM-2048x958.png 2048w\" sizes=\"auto, (max-width: 1024px) 100vw, 1024px\" \/><\/figure>\n\n\n\n<p>El uso de la fuerza por parte de la polic\u00eda adopta muchas formas diferentes. Desde pu\u00f1etazos hasta pistolas Taser y tiroteos, el Departamento de Polic\u00eda de Phoenix utiliza la fuerza contra miembros de la comunidad miles de veces al a\u00f1o.\u00a0 Este panel explora la relaci\u00f3n entre el uso de la fuerza, la raza, la edad y el lugar de la polic\u00eda de Phoenix.<\/p>\n\n\n\n<h2 class=\"wp-block-heading\"><a href=\"https:\/\/public.tableau.com\/app\/profile\/michael2409\/viz\/UseofForceMap_17262498388500\/TazerDashboard\">Mapa de uso de la fuerza de la polic\u00eda de Phoenix<\/a><\/h2>\n\n\n\n<figure class=\"wp-block-image size-large\"><a href=\"https:\/\/public.tableau.com\/app\/profile\/michael2409\/viz\/UseofForceMap_17262498388500\/TazerDashboard\"><img loading=\"lazy\" decoding=\"async\" width=\"1024\" height=\"508\" src=\"https:\/\/poderinaction.org\/wp-content\/uploads\/2024\/10\/Screenshot-2024-10-30-at-3.02.23\u202fPM-1024x508.png\" alt=\"Phoenix Police Use of Force Map\" class=\"wp-image-143\" srcset=\"https:\/\/poderinaction.org\/wp-content\/uploads\/2024\/10\/Screenshot-2024-10-30-at-3.02.23\u202fPM-1024x508.png 1024w, https:\/\/poderinaction.org\/wp-content\/uploads\/2024\/10\/Screenshot-2024-10-30-at-3.02.23\u202fPM-300x149.png 300w, https:\/\/poderinaction.org\/wp-content\/uploads\/2024\/10\/Screenshot-2024-10-30-at-3.02.23\u202fPM-768x381.png 768w, https:\/\/poderinaction.org\/wp-content\/uploads\/2024\/10\/Screenshot-2024-10-30-at-3.02.23\u202fPM-1536x762.png 1536w, https:\/\/poderinaction.org\/wp-content\/uploads\/2024\/10\/Screenshot-2024-10-30-at-3.02.23\u202fPM-2048x1016.png 2048w\" sizes=\"auto, (max-width: 1024px) 100vw, 1024px\" \/><\/a><\/figure>\n\n\n\n<p>A trav\u00e9s de este mapa, observamos qu\u00e9 partes de la polic\u00eda de la ciudad de Phoenix utilizan con mayor frecuencia Tasers contra miembros de la comunidad y d\u00f3nde nos apuntan con armas.<\/p>\n\n\n\n<h2 class=\"wp-block-heading\"><a href=\"https:\/\/public.tableau.com\/app\/profile\/michael2409\/viz\/MCOISMap\/Map2\">Tiroteos perpetrados por la polic\u00eda en el mapa del condado de Maricopa<\/a><\/h2>\n\n\n\n<figure class=\"wp-block-image size-large\"><img loading=\"lazy\" decoding=\"async\" width=\"1024\" height=\"521\" src=\"https:\/\/poderinaction.org\/wp-content\/uploads\/2024\/10\/Screenshot-2024-10-30-at-3.04.01\u202fPM-1024x521.png\" alt=\"Shootings by Police In Maricopa County Map\" class=\"wp-image-145\" srcset=\"https:\/\/poderinaction.org\/wp-content\/uploads\/2024\/10\/Screenshot-2024-10-30-at-3.04.01\u202fPM-1024x521.png 1024w, https:\/\/poderinaction.org\/wp-content\/uploads\/2024\/10\/Screenshot-2024-10-30-at-3.04.01\u202fPM-300x153.png 300w, https:\/\/poderinaction.org\/wp-content\/uploads\/2024\/10\/Screenshot-2024-10-30-at-3.04.01\u202fPM-768x391.png 768w, https:\/\/poderinaction.org\/wp-content\/uploads\/2024\/10\/Screenshot-2024-10-30-at-3.04.01\u202fPM-1536x781.png 1536w, https:\/\/poderinaction.org\/wp-content\/uploads\/2024\/10\/Screenshot-2024-10-30-at-3.04.01\u202fPM-2048x1042.png 2048w\" sizes=\"auto, (max-width: 1024px) 100vw, 1024px\" \/><\/figure>\n\n\n\n<p>La violencia policial no se limita al Departamento de Polic\u00eda de Phoenix. Los organismos encargados de hacer cumplir la ley en todo el Valle disparan y matan a docenas de miembros de la comunidad cada a\u00f1o. Este mapa incluye tiroteos cometidos por la polic\u00eda de Phoenix y todos los dem\u00e1s tiroteos cometidos por las fuerzas del orden en el condado de Maricopa entre 2011 y 2023.<\/p>\n\n\n\n<div style=\"height:100px\" aria-hidden=\"true\" class=\"wp-block-spacer\"><\/div>\n","protected":false},"excerpt":{"rendered":"<p>Durante d\u00e9cadas, los miembros de la comunidad de Phoenix han estado luchando para exponer el nivel de violencia policial que experimentan los miembros de la comunidad a manos de la polic\u00eda de Phoenix. En 2024, el Departamento de Justicia concluy\u00f3 una investigaci\u00f3n de casi tres a\u00f1os sobre violaciones de derechos civiles por parte del Departamento [&hellip;]<\/p>\n","protected":false},"author":2,"featured_media":0,"parent":0,"menu_order":0,"comment_status":"closed","ping_status":"closed","template":"","meta":{"_acf_changed":false,"footnotes":""},"class_list":["post-213","page","type-page","status-publish","hentry"],"acf":[],"_links":{"self":[{"href":"https:\/\/poderinaction.org\/es\/wp-json\/wp\/v2\/pages\/213","targetHints":{"allow":["GET"]}}],"collection":[{"href":"https:\/\/poderinaction.org\/es\/wp-json\/wp\/v2\/pages"}],"about":[{"href":"https:\/\/poderinaction.org\/es\/wp-json\/wp\/v2\/types\/page"}],"author":[{"embeddable":true,"href":"https:\/\/poderinaction.org\/es\/wp-json\/wp\/v2\/users\/2"}],"replies":[{"embeddable":true,"href":"https:\/\/poderinaction.org\/es\/wp-json\/wp\/v2\/comments?post=213"}],"version-history":[{"count":0,"href":"https:\/\/poderinaction.org\/es\/wp-json\/wp\/v2\/pages\/213\/revisions"}],"wp:attachment":[{"href":"https:\/\/poderinaction.org\/es\/wp-json\/wp\/v2\/media?parent=213"}],"curies":[{"name":"wp","href":"https:\/\/api.w.org\/{rel}","templated":true}]}}