{"id":53,"date":"2024-10-28T14:04:38","date_gmt":"2024-10-28T14:04:38","guid":{"rendered":"https:\/\/poderinaction.org\/theory-of-change\/"},"modified":"2025-01-16T21:05:03","modified_gmt":"2025-01-16T21:05:03","slug":"theory-of-change","status":"publish","type":"page","link":"https:\/\/poderinaction.org\/es\/about-us\/theory-of-change\/","title":{"rendered":"Teor\u00eda del cambio"},"content":{"rendered":"\n<p class=\"has-x-large-font-size\" style=\"font-style:normal;font-weight:700\">En Poder In Action, creemos que tenemos que construir poder colectivo para lograr un mundo donde los BIPOC y la clase trabajadora puedan vivir, moverse y amar libres de sistemas opresivos. Nuestra Teor\u00eda del Cambio es c\u00f3mo lo hacemos realidad.<\/p>\n\n\n\n<hr class=\"wp-block-separator has-text-color has-orange-color has-alpha-channel-opacity has-orange-background-color has-background is-style-wide\"\/>\n\n\n\n<p>Construimos poder aumentando nuestra base, desarrollando organizadores, cambiando la cultura dominante y construyendo alianzas estrat\u00e9gicas.<\/p>\n\n\n\n<p>Luego ejercitamos ese poder a trav\u00e9s de elecciones, cambios de pol\u00edzas, acceso a recursos y construcciones fuera del Estado para reclamar nuestra agencia y autonom\u00eda.<\/p>\n\n\n\n<figure class=\"wp-block-image size-large\"><img loading=\"lazy\" decoding=\"async\" width=\"1024\" height=\"572\" src=\"https:\/\/poderinaction.org\/wp-content\/uploads\/2024\/12\/Copy-of-TOC-image_yellow-1024x572.png\" alt=\"\" class=\"wp-image-283\" srcset=\"https:\/\/poderinaction.org\/wp-content\/uploads\/2024\/12\/Copy-of-TOC-image_yellow-1024x572.png 1024w, https:\/\/poderinaction.org\/wp-content\/uploads\/2024\/12\/Copy-of-TOC-image_yellow-300x168.png 300w, https:\/\/poderinaction.org\/wp-content\/uploads\/2024\/12\/Copy-of-TOC-image_yellow-768x429.png 768w, https:\/\/poderinaction.org\/wp-content\/uploads\/2024\/12\/Copy-of-TOC-image_yellow.png 1200w\" sizes=\"auto, (max-width: 1024px) 100vw, 1024px\" \/><\/figure>\n\n\n\n<div style=\"height:4rem\" aria-hidden=\"true\" class=\"wp-block-spacer\"><\/div>\n\n\n\n<figure class=\"wp-block-image size-full big-cactus no-opacity\"><img loading=\"lazy\" decoding=\"async\" width=\"370\" height=\"719\" src=\"https:\/\/poderinaction.org\/wp-content\/uploads\/2024\/12\/cactus.png\" alt=\"\" class=\"wp-image-356\" srcset=\"https:\/\/poderinaction.org\/wp-content\/uploads\/2024\/12\/cactus.png 370w, https:\/\/poderinaction.org\/wp-content\/uploads\/2024\/12\/cactus-154x300.png 154w\" sizes=\"auto, (max-width: 370px) 100vw, 370px\" \/><\/figure>\n","protected":false},"excerpt":{"rendered":"<p>En Poder In Action, creemos que tenemos que construir poder colectivo para lograr un mundo donde los BIPOC y la clase trabajadora puedan vivir, moverse y amar libres de sistemas opresivos. Nuestra Teor\u00eda del Cambio es c\u00f3mo lo hacemos realidad. Construimos poder aumentando nuestra base, desarrollando organizadores, cambiando la cultura dominante y construyendo alianzas estrat\u00e9gicas. [&hellip;]<\/p>\n","protected":false},"author":2,"featured_media":0,"parent":133,"menu_order":0,"comment_status":"closed","ping_status":"closed","template":"","meta":{"_acf_changed":false,"footnotes":""},"class_list":["post-53","page","type-page","status-publish","hentry"],"acf":[],"_links":{"self":[{"href":"https:\/\/poderinaction.org\/es\/wp-json\/wp\/v2\/pages\/53","targetHints":{"allow":["GET"]}}],"collection":[{"href":"https:\/\/poderinaction.org\/es\/wp-json\/wp\/v2\/pages"}],"about":[{"href":"https:\/\/poderinaction.org\/es\/wp-json\/wp\/v2\/types\/page"}],"author":[{"embeddable":true,"href":"https:\/\/poderinaction.org\/es\/wp-json\/wp\/v2\/users\/2"}],"replies":[{"embeddable":true,"href":"https:\/\/poderinaction.org\/es\/wp-json\/wp\/v2\/comments?post=53"}],"version-history":[{"count":0,"href":"https:\/\/poderinaction.org\/es\/wp-json\/wp\/v2\/pages\/53\/revisions"}],"up":[{"embeddable":true,"href":"https:\/\/poderinaction.org\/es\/wp-json\/wp\/v2\/pages\/133"}],"wp:attachment":[{"href":"https:\/\/poderinaction.org\/es\/wp-json\/wp\/v2\/media?parent=53"}],"curies":[{"name":"wp","href":"https:\/\/api.w.org\/{rel}","templated":true}]}}