{"id":69,"date":"2024-10-28T14:05:06","date_gmt":"2024-10-28T14:05:06","guid":{"rendered":"https:\/\/poderinaction.org\/barrios-al-poder\/"},"modified":"2025-01-16T21:23:11","modified_gmt":"2025-01-16T21:23:11","slug":"barrios-al-poder","status":"publish","type":"page","link":"https:\/\/poderinaction.org\/es\/our-programs\/barrios-al-poder\/","title":{"rendered":"Barrios al Poder"},"content":{"rendered":"\n<div class=\"wp-block-group alignfull has-black-color has-yellow-background-color has-text-color has-background has-link-color wp-elements-bdf838b5716df2702dcd58b2994dfb99 has-global-padding is-layout-constrained wp-container-core-group-is-layout-de0c9299 wp-block-group-is-layout-constrained\" style=\"padding-top:0;padding-bottom:var(--wp--preset--spacing--70)\">\n<div class=\"wp-block-columns alignwide is-layout-flex wp-container-core-columns-is-layout-b23a18ed wp-block-columns-is-layout-flex\">\n<div class=\"wp-block-column is-vertically-aligned-center is-layout-flow wp-block-column-is-layout-flow\" style=\"flex-basis:66.66%\">\n<p class=\"has-x-large-font-size\" style=\"font-style:normal;font-weight:700\">Barrios al Poder es un programa de desarrollo de poder liderado por padres inmigrantes de clase trabajadora impactados por la poli-migra, incluida la deportaci\u00f3n, la separaci\u00f3n familiar y la explotaci\u00f3n laboral. <\/p>\n\n\n\n<hr class=\"wp-block-separator has-text-color has-orange-color has-alpha-channel-opacity has-orange-background-color has-background is-style-wide\"\/>\n\n\n\n<p>Este programa organiza a miembros de la comunidad con experiencias vividas similares que viven en vecindarios pobres y de clase trabajadora que carecen de recursos y est\u00e1n llenos de polic\u00edas. Barrios al Poder organiza una serie de talleres \u00abSaber es Poder\u00bb para reclutar y compartir informaci\u00f3n con la comunidad local sobre temas como planes de defensa legal, recursos para responder a la violencia estatal y habilidades de participaci\u00f3n c\u00edvica para abogar por el cambio en a nivel escolar, municipal y estatal.<\/p>\n<\/div>\n\n\n\n<div class=\"wp-block-column is-vertically-aligned-stretch has-white-background-color has-background is-layout-flow wp-block-column-is-layout-flow\" style=\"flex-basis:33.33%\"><figure style=\"padding-right:var(--wp--preset--spacing--40);padding-left:var(--wp--preset--spacing--40);padding-top:var(--wp--preset--spacing--40);padding-bottom:var(--wp--preset--spacing--40);margin-top:0;margin-bottom:0;\" class=\"wp-block-post-featured-image\"><img loading=\"lazy\" decoding=\"async\" width=\"1181\" height=\"480\" src=\"https:\/\/poderinaction.org\/wp-content\/uploads\/2024\/10\/Barrios-Al-Poder-Logo.png\" class=\"attachment-post-thumbnail size-post-thumbnail wp-post-image\" alt=\"\" style=\"object-fit:cover;\" srcset=\"https:\/\/poderinaction.org\/wp-content\/uploads\/2024\/10\/Barrios-Al-Poder-Logo.png 1181w, https:\/\/poderinaction.org\/wp-content\/uploads\/2024\/10\/Barrios-Al-Poder-Logo-300x122.png 300w, https:\/\/poderinaction.org\/wp-content\/uploads\/2024\/10\/Barrios-Al-Poder-Logo-1024x416.png 1024w, https:\/\/poderinaction.org\/wp-content\/uploads\/2024\/10\/Barrios-Al-Poder-Logo-768x312.png 768w\" sizes=\"auto, (max-width: 1181px) 100vw, 1181px\" \/><\/figure><\/div>\n<\/div>\n<\/div>\n\n\n\n<div class=\"wp-block-cover alignfull is-light has-parallax\" style=\"margin-top:0;margin-bottom:0;min-height:50vh;aspect-ratio:unset;\"><span aria-hidden=\"true\" class=\"wp-block-cover__background has-background-dim-0 has-background-dim\"><\/span><div role=\"img\" aria-label=\"A line of people posing against a wall\" class=\"wp-block-cover__image-background wp-image-94 has-parallax\" style=\"background-position:50% 50%;background-image:url(https:\/\/poderinaction.org\/wp-content\/uploads\/2024\/10\/Barrios-al-Poder-Page-1024x683.jpg)\"><\/div><div class=\"wp-block-cover__inner-container is-layout-flow wp-block-cover-is-layout-flow\">\n<p class=\"has-text-align-center has-large-font-size\"><\/p>\n<\/div><\/div>\n","protected":false},"excerpt":{"rendered":"<p>Barrios al Poder es un programa de desarrollo de poder liderado por padres inmigrantes de clase trabajadora impactados por la poli-migra, incluida la deportaci\u00f3n, la separaci\u00f3n familiar y la explotaci\u00f3n laboral. Este programa organiza a miembros de la comunidad con experiencias vividas similares que viven en vecindarios pobres y de clase trabajadora que carecen de [&hellip;]<\/p>\n","protected":false},"author":2,"featured_media":56,"parent":135,"menu_order":0,"comment_status":"closed","ping_status":"closed","template":"","meta":{"_acf_changed":false,"footnotes":""},"class_list":["post-69","page","type-page","status-publish","has-post-thumbnail","hentry"],"acf":[],"_links":{"self":[{"href":"https:\/\/poderinaction.org\/es\/wp-json\/wp\/v2\/pages\/69","targetHints":{"allow":["GET"]}}],"collection":[{"href":"https:\/\/poderinaction.org\/es\/wp-json\/wp\/v2\/pages"}],"about":[{"href":"https:\/\/poderinaction.org\/es\/wp-json\/wp\/v2\/types\/page"}],"author":[{"embeddable":true,"href":"https:\/\/poderinaction.org\/es\/wp-json\/wp\/v2\/users\/2"}],"replies":[{"embeddable":true,"href":"https:\/\/poderinaction.org\/es\/wp-json\/wp\/v2\/comments?post=69"}],"version-history":[{"count":0,"href":"https:\/\/poderinaction.org\/es\/wp-json\/wp\/v2\/pages\/69\/revisions"}],"up":[{"embeddable":true,"href":"https:\/\/poderinaction.org\/es\/wp-json\/wp\/v2\/pages\/135"}],"wp:featuredmedia":[{"embeddable":true,"href":"https:\/\/poderinaction.org\/es\/wp-json\/wp\/v2\/media\/56"}],"wp:attachment":[{"href":"https:\/\/poderinaction.org\/es\/wp-json\/wp\/v2\/media?parent=69"}],"curies":[{"name":"wp","href":"https:\/\/api.w.org\/{rel}","templated":true}]}}