{"id":70,"date":"2024-10-28T14:05:31","date_gmt":"2024-10-28T14:05:31","guid":{"rendered":"https:\/\/poderinaction.org\/youth-poder\/"},"modified":"2025-03-27T18:11:44","modified_gmt":"2025-03-27T18:11:44","slug":"youth-poder","status":"publish","type":"page","link":"https:\/\/poderinaction.org\/es\/our-programs\/youth-poder\/","title":{"rendered":"Youth Poder"},"content":{"rendered":"\n<div class=\"wp-block-group alignfull has-black-color has-yellow-background-color has-text-color has-background has-link-color wp-elements-0b5c2fd6734d5491fd507f8f916400ae has-global-padding is-layout-constrained wp-container-core-group-is-layout-de0c9299 wp-block-group-is-layout-constrained\" style=\"padding-top:0;padding-bottom:var(--wp--preset--spacing--70)\">\n<div class=\"wp-block-columns alignwide is-layout-flex wp-container-core-columns-is-layout-b23a18ed wp-block-columns-is-layout-flex\">\n<div class=\"wp-block-column is-vertically-aligned-center is-layout-flow wp-block-column-is-layout-flow\" style=\"flex-basis:66.66%\">\n<p class=\"has-x-large-font-size\"><strong>Poder Juvenil construye el poder colectivo de los j\u00f3venes para luchar contra la criminalizaci\u00f3n y una cultura de castigo en las escuelas. <\/strong><\/p>\n\n\n\n<hr class=\"wp-block-separator has-text-color has-orange-color has-alpha-channel-opacity has-orange-background-color has-background is-style-wide\"\/>\n\n\n\n<p>El programa est\u00e1 dirigido por j\u00f3venes que viven en la intersecci\u00f3n de la opresi\u00f3n sist\u00e9mica, la falta de recursos educativos, la expulsi\u00f3n escolar y el castigo en el sistema educativo. Creemos en el poder de la clase trabajadora y los j\u00f3venes de BIPOC para redefinir la seguridad y construir un futuro liberado donde ellos y sus familias puedan prosperar.<\/p>\n<\/div>\n\n\n\n<div class=\"wp-block-column is-vertically-aligned-stretch has-white-background-color has-background is-layout-flow wp-block-column-is-layout-flow\" style=\"flex-basis:33.33%\"><figure style=\"padding-right:var(--wp--preset--spacing--40);padding-left:var(--wp--preset--spacing--40);padding-top:var(--wp--preset--spacing--40);padding-bottom:var(--wp--preset--spacing--40);margin-top:0;margin-bottom:0;\" class=\"wp-block-post-featured-image\"><img loading=\"lazy\" decoding=\"async\" width=\"3300\" height=\"1491\" src=\"https:\/\/poderinaction.org\/wp-content\/uploads\/2024\/10\/YOUTHPODER-LOGO-01.png\" class=\"attachment-post-thumbnail size-post-thumbnail wp-post-image\" alt=\"Youth Poder logo\" style=\"object-fit:cover;\" srcset=\"https:\/\/poderinaction.org\/wp-content\/uploads\/2024\/10\/YOUTHPODER-LOGO-01.png 3300w, https:\/\/poderinaction.org\/wp-content\/uploads\/2024\/10\/YOUTHPODER-LOGO-01-300x136.png 300w, https:\/\/poderinaction.org\/wp-content\/uploads\/2024\/10\/YOUTHPODER-LOGO-01-1024x463.png 1024w, https:\/\/poderinaction.org\/wp-content\/uploads\/2024\/10\/YOUTHPODER-LOGO-01-768x347.png 768w, https:\/\/poderinaction.org\/wp-content\/uploads\/2024\/10\/YOUTHPODER-LOGO-01-1536x694.png 1536w, https:\/\/poderinaction.org\/wp-content\/uploads\/2024\/10\/YOUTHPODER-LOGO-01-2048x925.png 2048w\" sizes=\"auto, (max-width: 3300px) 100vw, 3300px\" \/><\/figure><\/div>\n<\/div>\n<\/div>\n\n\n\n<div class=\"wp-block-cover alignfull is-light has-parallax\" style=\"margin-top:0;margin-bottom:0;min-height:50vh;aspect-ratio:unset;\"><span aria-hidden=\"true\" class=\"wp-block-cover__background has-background-dim-0 has-background-dim\" style=\"background-color:#8e8a85\"><\/span><div role=\"img\" aria-label=\"Four indivudals stand\" class=\"wp-block-cover__image-background wp-image-607 has-parallax\" style=\"background-position:50% 50%;background-image:url(https:\/\/poderinaction.org\/wp-content\/uploads\/2025\/03\/Small4-FINAL.png)\"><\/div><div class=\"wp-block-cover__inner-container is-layout-flow wp-block-cover-is-layout-flow\">\n<p class=\"has-text-align-center has-large-font-size\"><\/p>\n<\/div><\/div>\n","protected":false},"excerpt":{"rendered":"<p>Poder Juvenil construye el poder colectivo de los j\u00f3venes para luchar contra la criminalizaci\u00f3n y una cultura de castigo en las escuelas. El programa est\u00e1 dirigido por j\u00f3venes que viven en la intersecci\u00f3n de la opresi\u00f3n sist\u00e9mica, la falta de recursos educativos, la expulsi\u00f3n escolar y el castigo en el sistema educativo. Creemos en el [&hellip;]<\/p>\n","protected":false},"author":2,"featured_media":64,"parent":135,"menu_order":0,"comment_status":"closed","ping_status":"closed","template":"","meta":{"_acf_changed":false,"footnotes":""},"class_list":["post-70","page","type-page","status-publish","has-post-thumbnail","hentry"],"acf":[],"_links":{"self":[{"href":"https:\/\/poderinaction.org\/es\/wp-json\/wp\/v2\/pages\/70","targetHints":{"allow":["GET"]}}],"collection":[{"href":"https:\/\/poderinaction.org\/es\/wp-json\/wp\/v2\/pages"}],"about":[{"href":"https:\/\/poderinaction.org\/es\/wp-json\/wp\/v2\/types\/page"}],"author":[{"embeddable":true,"href":"https:\/\/poderinaction.org\/es\/wp-json\/wp\/v2\/users\/2"}],"replies":[{"embeddable":true,"href":"https:\/\/poderinaction.org\/es\/wp-json\/wp\/v2\/comments?post=70"}],"version-history":[{"count":0,"href":"https:\/\/poderinaction.org\/es\/wp-json\/wp\/v2\/pages\/70\/revisions"}],"up":[{"embeddable":true,"href":"https:\/\/poderinaction.org\/es\/wp-json\/wp\/v2\/pages\/135"}],"wp:featuredmedia":[{"embeddable":true,"href":"https:\/\/poderinaction.org\/es\/wp-json\/wp\/v2\/media\/64"}],"wp:attachment":[{"href":"https:\/\/poderinaction.org\/es\/wp-json\/wp\/v2\/media?parent=70"}],"curies":[{"name":"wp","href":"https:\/\/api.w.org\/{rel}","templated":true}]}}